{"id":1567,"date":"2023-11-25T10:54:28","date_gmt":"2023-11-25T09:54:28","guid":{"rendered":"https:\/\/conculler.es\/reservas\/"},"modified":"2025-10-30T12:10:49","modified_gmt":"2025-10-30T11:10:49","slug":"reservas","status":"publish","type":"page","link":"https:\/\/conculler.es\/es\/reservas\/","title":{"rendered":"reservas"},"content":{"rendered":"\t\t<div data-elementor-type=\"wp-page\" data-elementor-id=\"1567\" class=\"elementor elementor-1567 elementor-87\" data-elementor-post-type=\"page\">\n\t\t\t\t<div class=\"elementor-element elementor-element-3bb4b9e e-flex e-con-boxed e-con e-parent\" data-id=\"3bb4b9e\" data-element_type=\"container\" data-settings=\"{&quot;content_width&quot;:&quot;boxed&quot;}\" data-core-v316-plus=\"true\">\n\t\t\t\t\t<div class=\"e-con-inner\">\n\t\t<div class=\"elementor-element elementor-element-8c4a63d e-flex e-con-boxed e-con e-child\" data-id=\"8c4a63d\" data-element_type=\"container\" data-settings=\"{&quot;content_width&quot;:&quot;boxed&quot;}\">\n\t\t\t\t\t<div class=\"e-con-inner\">\n\t\t<div class=\"elementor-element elementor-element-a246c21 e-con-full e-flex e-con e-child\" data-id=\"a246c21\" data-element_type=\"container\" data-settings=\"{&quot;content_width&quot;:&quot;full&quot;}\">\n\t\t\t\t<div class=\"elementor-element elementor-element-7655f92 elementor-widget__width-auto elementor-widget elementor-widget-heading\" data-id=\"7655f92\" data-element_type=\"widget\" data-widget_type=\"heading.default\">\n\t\t\t\t<div class=\"elementor-widget-container\">\n\t\t\t<style>\/*! elementor - v3.19.0 - 26-02-2024 *\/\n.elementor-heading-title{padding:0;margin:0;line-height:1}.elementor-widget-heading .elementor-heading-title[class*=elementor-size-]>a{color:inherit;font-size:inherit;line-height:inherit}.elementor-widget-heading .elementor-heading-title.elementor-size-small{font-size:15px}.elementor-widget-heading .elementor-heading-title.elementor-size-medium{font-size:19px}.elementor-widget-heading .elementor-heading-title.elementor-size-large{font-size:29px}.elementor-widget-heading .elementor-heading-title.elementor-size-xl{font-size:39px}.elementor-widget-heading .elementor-heading-title.elementor-size-xxl{font-size:59px}<\/style><h4 class=\"elementor-heading-title elementor-size-default\">Reserva tu mesa<\/h4>\t\t<\/div>\n\t\t\t\t<\/div>\n\t\t\t\t<div class=\"elementor-element elementor-element-5f8e4fd elementor-widget elementor-widget-heading\" data-id=\"5f8e4fd\" data-element_type=\"widget\" data-widget_type=\"heading.default\">\n\t\t\t\t<div class=\"elementor-widget-container\">\n\t\t\t<p class=\"elementor-heading-title elementor-size-default\"><a href=\"https:\/\/conculler.es\/condicions-de-reserva-de-mesa\/\">De conformidad con lo establecido en la legislaci\u00f3n vigente sobre Protecci\u00f3n de Datos Personales, Reglamento 2016\/679, Reglamento General de Protecci\u00f3n de Datos (RGPD), y Ley Org\u00e1nica 3\/2018, de 5 de diciembre, de Protecci\u00f3n de Datos Personales y garant\u00eda de los derechos digitales (LOPDGDD), le informamos que los datos personales que nos facilita a trav\u00e9s de dicho formulario ser\u00e1n tratados por REICOLMEIRO SL, con la finalidad de gestionar su reserva. Para m\u00e1s informaci\u00f3n consulte la pol\u00edtica de privacidad.\n  He le\u00eddo y acepto la pol\u00edtica de privacidad y las condiciones de uso de REICOLMEIRO SL.\n<\/a><\/p>\t\t<\/div>\n\t\t\t\t<\/div>\n\t\t\t\t<div class=\"elementor-element elementor-element-0f8fcfc elementor-widget elementor-widget-heading\" data-id=\"0f8fcfc\" data-element_type=\"widget\" data-widget_type=\"heading.default\">\n\t\t\t\t<div class=\"elementor-widget-container\">\n\t\t\t<p class=\"elementor-heading-title elementor-size-default\"><a href=\"https:\/\/conculler.es\/condicions-de-reserva-de-mesa\/\">Echa un vistazo a nuestras condiciones de reserva.<\/a><\/p>\t\t<\/div>\n\t\t\t\t<\/div>\n\t\t\t\t<div class=\"elementor-element elementor-element-4fdfba7 elementor-widget elementor-widget-html\" data-id=\"4fdfba7\" data-element_type=\"widget\" data-widget_type=\"html.default\">\n\t\t\t\t<div class=\"elementor-widget-container\">\n\t\t\t<iframe src=\"https:\/\/widget.thefork.com\/269441ea-ddbe-4569-831b-f10848991f21\" allow=\"payment *\" style=\"width: 100%; min-height:800px; border:none; overflow:scroll;\"><\/iframe>\t\t<\/div>\n\t\t\t\t<\/div>\n\t\t\t\t<\/div>\n\t\t\t\t\t<\/div>\n\t\t\t\t<\/div>\n\t\t\t\t\t<\/div>\n\t\t\t\t<\/div>\n\t\t\t\t<\/div>\n\t\t","protected":false},"excerpt":{"rendered":"<p>Reserva tu mesa De conformidad con lo establecido en la legislaci\u00f3n vigente sobre Protecci\u00f3n de Datos Personales, Reglamento 2016\/679, Reglamento General de Protecci\u00f3n de Datos (RGPD), y Ley Org\u00e1nica 3\/2018, de 5 de diciembre, de Protecci\u00f3n de Datos Personales y garant\u00eda de los derechos digitales (LOPDGDD), le informamos que los datos personales que nos facilita [&hellip;]<\/p>\n","protected":false},"author":1,"featured_media":0,"parent":0,"menu_order":0,"comment_status":"closed","ping_status":"closed","template":"","meta":{"footnotes":""},"class_list":["post-1567","page","type-page","status-publish","hentry"],"_links":{"self":[{"href":"https:\/\/conculler.es\/es\/wp-json\/wp\/v2\/pages\/1567","targetHints":{"allow":["GET"]}}],"collection":[{"href":"https:\/\/conculler.es\/es\/wp-json\/wp\/v2\/pages"}],"about":[{"href":"https:\/\/conculler.es\/es\/wp-json\/wp\/v2\/types\/page"}],"author":[{"embeddable":true,"href":"https:\/\/conculler.es\/es\/wp-json\/wp\/v2\/users\/1"}],"replies":[{"embeddable":true,"href":"https:\/\/conculler.es\/es\/wp-json\/wp\/v2\/comments?post=1567"}],"version-history":[{"count":11,"href":"https:\/\/conculler.es\/es\/wp-json\/wp\/v2\/pages\/1567\/revisions"}],"predecessor-version":[{"id":2069,"href":"https:\/\/conculler.es\/es\/wp-json\/wp\/v2\/pages\/1567\/revisions\/2069"}],"wp:attachment":[{"href":"https:\/\/conculler.es\/es\/wp-json\/wp\/v2\/media?parent=1567"}],"curies":[{"name":"wp","href":"https:\/\/api.w.org\/{rel}","templated":true}]}}