{"id":1570,"date":"2023-12-26T13:46:19","date_gmt":"2023-12-26T12:46:19","guid":{"rendered":"https:\/\/conculler.es\/condiciones-de-reserva-de-mesa\/"},"modified":"2023-12-27T10:27:57","modified_gmt":"2023-12-27T09:27:57","slug":"condiciones-de-reserva-de-mesa","status":"publish","type":"page","link":"https:\/\/conculler.es\/es\/condiciones-de-reserva-de-mesa\/","title":{"rendered":"Condiciones de reserva de mesa"},"content":{"rendered":"\t\t<div data-elementor-type=\"wp-page\" data-elementor-id=\"1570\" class=\"elementor elementor-1570 elementor-1468\" data-elementor-post-type=\"page\">\n\t\t\t\t<div class=\"elementor-element elementor-element-2a7615c e-flex e-con-boxed e-con e-parent\" data-id=\"2a7615c\" data-element_type=\"container\" data-settings=\"{&quot;content_width&quot;:&quot;boxed&quot;}\" data-core-v316-plus=\"true\">\n\t\t\t\t\t<div class=\"e-con-inner\">\n\t\t<div class=\"elementor-element elementor-element-058d7b6 e-flex e-con-boxed e-con e-child\" data-id=\"058d7b6\" data-element_type=\"container\" data-settings=\"{&quot;content_width&quot;:&quot;boxed&quot;}\">\n\t\t\t\t\t<div class=\"e-con-inner\">\n\t\t<div class=\"elementor-element elementor-element-29b8c00 e-con-full e-flex e-con e-child\" data-id=\"29b8c00\" data-element_type=\"container\" data-settings=\"{&quot;content_width&quot;:&quot;full&quot;}\">\n\t\t\t\t<div class=\"elementor-element elementor-element-026ebe5 elementor-widget__width-auto elementor-widget elementor-widget-heading\" data-id=\"026ebe5\" data-element_type=\"widget\" data-widget_type=\"heading.default\">\n\t\t\t\t<div class=\"elementor-widget-container\">\n\t\t\t<style>\/*! elementor - v3.19.0 - 26-02-2024 *\/\n.elementor-heading-title{padding:0;margin:0;line-height:1}.elementor-widget-heading .elementor-heading-title[class*=elementor-size-]>a{color:inherit;font-size:inherit;line-height:inherit}.elementor-widget-heading .elementor-heading-title.elementor-size-small{font-size:15px}.elementor-widget-heading .elementor-heading-title.elementor-size-medium{font-size:19px}.elementor-widget-heading .elementor-heading-title.elementor-size-large{font-size:29px}.elementor-widget-heading .elementor-heading-title.elementor-size-xl{font-size:39px}.elementor-widget-heading .elementor-heading-title.elementor-size-xxl{font-size:59px}<\/style><h4 class=\"elementor-heading-title elementor-size-default\">Condiciones de reserva<\/h4>\t\t<\/div>\n\t\t\t\t<\/div>\n\t\t\t\t<div class=\"elementor-element elementor-element-dfe68e8 elementor-widget elementor-widget-text-editor\" data-id=\"dfe68e8\" data-element_type=\"widget\" data-widget_type=\"text-editor.default\">\n\t\t\t\t<div class=\"elementor-widget-container\">\n\t\t\t<style>\/*! elementor - v3.19.0 - 26-02-2024 *\/\n.elementor-widget-text-editor.elementor-drop-cap-view-stacked .elementor-drop-cap{background-color:#69727d;color:#fff}.elementor-widget-text-editor.elementor-drop-cap-view-framed .elementor-drop-cap{color:#69727d;border:3px solid;background-color:transparent}.elementor-widget-text-editor:not(.elementor-drop-cap-view-default) .elementor-drop-cap{margin-top:8px}.elementor-widget-text-editor:not(.elementor-drop-cap-view-default) .elementor-drop-cap-letter{width:1em;height:1em}.elementor-widget-text-editor .elementor-drop-cap{float:left;text-align:center;line-height:1;font-size:50px}.elementor-widget-text-editor .elementor-drop-cap-letter{display:inline-block}<\/style>\t\t\t\t<p>Su comprensi\u00f3n y cumplimiento de estos t\u00e9rminos nos ayuda a brindar una excelente experiencia a todos nuestros clientes. Esperamos su visita y nos comprometemos a hacerla memorable. Gracias por elegir nuestro establecimiento.<\/p>\n\t\t\t\t\t\t<\/div>\n\t\t\t\t<\/div>\n\t\t\t\t<div class=\"elementor-element elementor-element-6a25c8e elementor-widget elementor-widget-text-editor\" data-id=\"6a25c8e\" data-element_type=\"widget\" data-widget_type=\"text-editor.default\">\n\t\t\t\t<div class=\"elementor-widget-container\">\n\t\t\t\t\t\t\t<ol>\n \t<li><strong>Reservas Online<\/strong> : Las reservas deben realizarse a trav\u00e9s de nuestra p\u00e1gina web, donde hay plazas disponibles cada 15 minutos.<\/li>\n \t<li><strong>Horario de Reservas<\/strong> : Aceptamos reservas \u00fanicamente durante el horario publicado en nuestro sitio web. No ser\u00e1n posibles reservas fuera de este horario.<\/li>\n \t<li><strong>Confirmaci\u00f3n de Reserva<\/strong> : Una vez realizada la reserva, recibir\u00e1s un email de confirmaci\u00f3n. Verif\u00edquelo para asegurarse de que todos los detalles sean correctos.<\/li>\n \t<li><strong>Cancelaciones<\/strong> : Si necesita cancelar o modificar su reserva, h\u00e1ganoslo saber con al menos 24 horas de antelaci\u00f3n. Las cancelaciones de \u00faltima hora pueden estar sujetas a cargos.<\/li>\n \t<li><strong>Retrasos<\/strong> : Pedimos a los clientes que lleguen a tiempo. Un retraso superior a 15 minutos sin previo aviso podr\u00e1 suponer la p\u00e9rdida de la reserva.<\/li>\n \t<li><strong>Reservas para Grupos Grandes<\/strong> : Para grupos de m\u00e1s de 6 personas, cont\u00e1ctanos directamente por email o tel\u00e9fono.<\/li>\n \t<li><strong>Pol\u00edtica de no asistencia<\/strong> : en caso de no asistencia sin previo aviso, nos reservamos el derecho de aplicar una tarifa o restringir reservas futuras.<\/li>\n \t<li><strong>Alojamiento de Menores<\/strong> : Los ni\u00f1os son bienvenidos, pero solicitamos que los padres o tutores se aseguren de que se mantengan dentro del comportamiento adecuado al entorno del restaurante.<\/li>\n \t<li><strong>Solicitudes especiales<\/strong> : haremos todo lo posible para satisfacer las solicitudes especiales, pero no podemos garantizar que se cumplan. Por favor inf\u00f3rmenos de cualquier necesidad espec\u00edfica en el momento de la reserva.<\/li>\n \t<li><strong>Derecho de Admisi\u00f3n<\/strong> : Nos reservamos el derecho de admisi\u00f3n para garantizar la comodidad y seguridad de todos nuestros clientes.<\/li>\n<\/ol>\n\t\t\t\t\t\t<\/div>\n\t\t\t\t<\/div>\n\t\t\t\t<\/div>\n\t\t\t\t\t<\/div>\n\t\t\t\t<\/div>\n\t\t\t\t\t<\/div>\n\t\t\t\t<\/div>\n\t\t\t\t<\/div>\n\t\t","protected":false},"excerpt":{"rendered":"<p>Condiciones de reserva Su comprensi\u00f3n y cumplimiento de estos t\u00e9rminos nos ayuda a brindar una excelente experiencia a todos nuestros clientes. Esperamos su visita y nos comprometemos a hacerla memorable. Gracias por elegir nuestro establecimiento. Reservas Online : Las reservas deben realizarse a trav\u00e9s de nuestra p\u00e1gina web, donde hay plazas disponibles cada 15 minutos. [&hellip;]<\/p>\n","protected":false},"author":1,"featured_media":0,"parent":0,"menu_order":0,"comment_status":"closed","ping_status":"closed","template":"","meta":{"footnotes":""},"class_list":["post-1570","page","type-page","status-publish","hentry"],"_links":{"self":[{"href":"https:\/\/conculler.es\/es\/wp-json\/wp\/v2\/pages\/1570","targetHints":{"allow":["GET"]}}],"collection":[{"href":"https:\/\/conculler.es\/es\/wp-json\/wp\/v2\/pages"}],"about":[{"href":"https:\/\/conculler.es\/es\/wp-json\/wp\/v2\/types\/page"}],"author":[{"embeddable":true,"href":"https:\/\/conculler.es\/es\/wp-json\/wp\/v2\/users\/1"}],"replies":[{"embeddable":true,"href":"https:\/\/conculler.es\/es\/wp-json\/wp\/v2\/comments?post=1570"}],"version-history":[{"count":4,"href":"https:\/\/conculler.es\/es\/wp-json\/wp\/v2\/pages\/1570\/revisions"}],"predecessor-version":[{"id":1583,"href":"https:\/\/conculler.es\/es\/wp-json\/wp\/v2\/pages\/1570\/revisions\/1583"}],"wp:attachment":[{"href":"https:\/\/conculler.es\/es\/wp-json\/wp\/v2\/media?parent=1570"}],"curies":[{"name":"wp","href":"https:\/\/api.w.org\/{rel}","templated":true}]}}